{"id":771,"date":"2021-08-19T18:21:11","date_gmt":"2021-08-19T18:21:11","guid":{"rendered":"https:\/\/zlatica-maksimovic.com\/?page_id=771"},"modified":"2021-08-22T13:46:37","modified_gmt":"2021-08-22T13:46:37","slug":"prostori-idu","status":"publish","type":"page","link":"https:\/\/zlatica-maksimovic.com\/en\/prostori-idu\/","title":{"rendered":"Spaces"},"content":{"rendered":"<div data-elementor-type=\"wp-page\" data-elementor-id=\"771\" class=\"elementor elementor-771\">\n\t\t\t\t\t\t<section class=\"elementor-section elementor-top-section elementor-element elementor-element-40a047df elementor-section-boxed elementor-section-height-default elementor-section-height-default\" data-id=\"40a047df\" data-element_type=\"section\">\n\t\t\t\t\t\t<div class=\"elementor-container elementor-column-gap-default\">\n\t\t\t\t\t<div class=\"elementor-column elementor-col-100 elementor-top-column elementor-element elementor-element-49350f97\" data-id=\"49350f97\" data-element_type=\"column\">\n\t\t\t<div class=\"elementor-widget-wrap elementor-element-populated\">\n\t\t\t\t\t\t<section class=\"elementor-section elementor-inner-section elementor-element elementor-element-540532da elementor-section-content-top elementor-section-boxed elementor-section-height-default elementor-section-height-default\" data-id=\"540532da\" data-element_type=\"section\">\n\t\t\t\t\t\t<div class=\"elementor-container elementor-column-gap-default\">\n\t\t\t\t\t<div class=\"elementor-column elementor-col-50 elementor-inner-column elementor-element elementor-element-345d345f\" data-id=\"345d345f\" data-element_type=\"column\">\n\t\t\t<div class=\"elementor-widget-wrap elementor-element-populated\">\n\t\t\t\t\t\t<div class=\"elementor-element elementor-element-5a8a5f4f elementor-widget elementor-widget-heading\" data-id=\"5a8a5f4f\" data-element_type=\"widget\" data-widget_type=\"heading.default\">\n\t\t\t\t<div class=\"elementor-widget-container\">\n\t\t\t\t\t<h2 class=\"elementor-heading-title elementor-size-default\">The Spaces are going<\/h2>\t\t\t\t<\/div>\n\t\t\t\t<\/div>\n\t\t\t\t<div class=\"elementor-element elementor-element-19003c1d elementor-widget elementor-widget-heading\" data-id=\"19003c1d\" data-element_type=\"widget\" data-widget_type=\"heading.default\">\n\t\t\t\t<div class=\"elementor-widget-container\">\n\t\t\t\t\t<h2 class=\"elementor-heading-title elementor-size-default\">She says-I rejoice because I exist.<\/h2>\t\t\t\t<\/div>\n\t\t\t\t<\/div>\n\t\t\t\t\t<\/div>\n\t\t<\/div>\n\t\t\t\t<div class=\"elementor-column elementor-col-50 elementor-inner-column elementor-element elementor-element-7733e242\" data-id=\"7733e242\" data-element_type=\"column\">\n\t\t\t<div class=\"elementor-widget-wrap elementor-element-populated\">\n\t\t\t\t\t\t<div class=\"elementor-element elementor-element-480a955d elementor-widget elementor-widget-text-editor\" data-id=\"480a955d\" data-element_type=\"widget\" data-widget_type=\"text-editor.default\">\n\t\t\t\t<div class=\"elementor-widget-container\">\n\t\t\t\t\t\t\t\t\t<p>Her joy is creation, because she opened her heart to creation. The creative energy of the Universe lives through her and she is a blessed being.<\/p>\t\t\t\t\t\t\t\t<\/div>\n\t\t\t\t<\/div>\n\t\t\t\t\t<\/div>\n\t\t<\/div>\n\t\t\t\t\t<\/div>\n\t\t<\/section>\n\t\t\t\t\t<\/div>\n\t\t<\/div>\n\t\t\t\t\t<\/div>\n\t\t<\/section>\n\t\t\t\t<section class=\"elementor-section elementor-top-section elementor-element elementor-element-77ced4bd elementor-section-boxed elementor-section-height-default elementor-section-height-default\" data-id=\"77ced4bd\" data-element_type=\"section\">\n\t\t\t\t\t\t<div class=\"elementor-container elementor-column-gap-default\">\n\t\t\t\t\t<div class=\"elementor-column elementor-col-100 elementor-top-column elementor-element elementor-element-bf70656\" data-id=\"bf70656\" data-element_type=\"column\">\n\t\t\t<div class=\"elementor-widget-wrap elementor-element-populated\">\n\t\t\t\t\t\t<section class=\"elementor-section elementor-inner-section elementor-element elementor-element-5347988b elementor-section-boxed elementor-section-height-default elementor-section-height-default\" data-id=\"5347988b\" data-element_type=\"section\">\n\t\t\t\t\t\t<div class=\"elementor-container elementor-column-gap-default\">\n\t\t\t\t\t<div class=\"elementor-column elementor-col-100 elementor-inner-column elementor-element elementor-element-9e4a7c1\" data-id=\"9e4a7c1\" data-element_type=\"column\">\n\t\t\t<div class=\"elementor-widget-wrap\">\n\t\t\t\t\t\t\t<\/div>\n\t\t<\/div>\n\t\t\t\t\t<\/div>\n\t\t<\/section>\n\t\t\t\t<section class=\"elementor-section elementor-inner-section elementor-element elementor-element-34a37f76 elementor-section-boxed elementor-section-height-default elementor-section-height-default\" data-id=\"34a37f76\" data-element_type=\"section\">\n\t\t\t\t\t\t<div class=\"elementor-container elementor-column-gap-default\">\n\t\t\t\t\t<div class=\"elementor-column elementor-col-50 elementor-inner-column elementor-element elementor-element-39b019c\" data-id=\"39b019c\" data-element_type=\"column\">\n\t\t\t<div class=\"elementor-widget-wrap elementor-element-populated\">\n\t\t\t\t\t\t<div class=\"elementor-element elementor-element-708e12b7 elementor-widget elementor-widget-image\" data-id=\"708e12b7\" data-element_type=\"widget\" data-widget_type=\"image.default\">\n\t\t\t\t<div class=\"elementor-widget-container\">\n\t\t\t\t\t\t\t\t\t\t\t\t\t\t\t\t<a href=\"https:\/\/zlatica-maksimovic.com\/wp-content\/uploads\/2021\/07\/spaces-2-scaled.jpg\" data-elementor-open-lightbox=\"yes\" data-elementor-lightbox-title=\"Prostori idu\" data-e-action-hash=\"#elementor-action%3Aaction%3Dlightbox%26settings%3DeyJpZCI6MjAzLCJ1cmwiOiJodHRwczpcL1wvemxhdGljYS1tYWtzaW1vdmljLmNvbVwvd3AtY29udGVudFwvdXBsb2Fkc1wvMjAyMVwvMDdcL3NwYWNlcy0yLXNjYWxlZC5qcGcifQ%3D%3D\">\n\t\t\t\t\t\t\t<img fetchpriority=\"high\" decoding=\"async\" width=\"2560\" height=\"2108\" src=\"https:\/\/zlatica-maksimovic.com\/wp-content\/uploads\/2021\/07\/spaces-2-scaled.jpg\" class=\"attachment-full size-full wp-image-203\" alt=\"Prostori idu\" srcset=\"https:\/\/zlatica-maksimovic.com\/wp-content\/uploads\/2021\/07\/spaces-2-scaled.jpg 2560w, https:\/\/zlatica-maksimovic.com\/wp-content\/uploads\/2021\/07\/spaces-2-300x247.jpg 300w, https:\/\/zlatica-maksimovic.com\/wp-content\/uploads\/2021\/07\/spaces-2-1024x843.jpg 1024w, https:\/\/zlatica-maksimovic.com\/wp-content\/uploads\/2021\/07\/spaces-2-768x632.jpg 768w, https:\/\/zlatica-maksimovic.com\/wp-content\/uploads\/2021\/07\/spaces-2-1536x1265.jpg 1536w, https:\/\/zlatica-maksimovic.com\/wp-content\/uploads\/2021\/07\/spaces-2-2048x1686.jpg 2048w\" sizes=\"(max-width: 2560px) 100vw, 2560px\" \/>\t\t\t\t\t\t\t\t<\/a>\n\t\t\t\t\t\t\t\t\t\t\t\t\t\t\t<\/div>\n\t\t\t\t<\/div>\n\t\t\t\t\t<\/div>\n\t\t<\/div>\n\t\t\t\t<div class=\"elementor-column elementor-col-50 elementor-inner-column elementor-element elementor-element-0c5e021\" data-id=\"0c5e021\" data-element_type=\"column\">\n\t\t\t<div class=\"elementor-widget-wrap elementor-element-populated\">\n\t\t\t\t\t\t<div class=\"elementor-element elementor-element-759d29ca elementor-widget elementor-widget-image\" data-id=\"759d29ca\" data-element_type=\"widget\" data-widget_type=\"image.default\">\n\t\t\t\t<div class=\"elementor-widget-container\">\n\t\t\t\t\t\t\t\t\t\t\t\t\t\t\t\t<a href=\"https:\/\/zlatica-maksimovic.com\/wp-content\/uploads\/2021\/07\/1p1.jpg\" data-elementor-open-lightbox=\"yes\" data-elementor-lightbox-title=\"Prostori idu\" data-e-action-hash=\"#elementor-action%3Aaction%3Dlightbox%26settings%3DeyJpZCI6MTk2LCJ1cmwiOiJodHRwczpcL1wvemxhdGljYS1tYWtzaW1vdmljLmNvbVwvd3AtY29udGVudFwvdXBsb2Fkc1wvMjAyMVwvMDdcLzFwMS5qcGcifQ%3D%3D\">\n\t\t\t\t\t\t\t<img decoding=\"async\" width=\"505\" height=\"554\" src=\"https:\/\/zlatica-maksimovic.com\/wp-content\/uploads\/2021\/07\/1p1.jpg\" class=\"attachment-full size-full wp-image-196\" alt=\"Prostori idu\" srcset=\"https:\/\/zlatica-maksimovic.com\/wp-content\/uploads\/2021\/07\/1p1.jpg 505w, https:\/\/zlatica-maksimovic.com\/wp-content\/uploads\/2021\/07\/1p1-273x300.jpg 273w\" sizes=\"(max-width: 505px) 100vw, 505px\" \/>\t\t\t\t\t\t\t\t<\/a>\n\t\t\t\t\t\t\t\t\t\t\t\t\t\t\t<\/div>\n\t\t\t\t<\/div>\n\t\t\t\t\t<\/div>\n\t\t<\/div>\n\t\t\t\t\t<\/div>\n\t\t<\/section>\n\t\t\t\t<section class=\"elementor-section elementor-inner-section elementor-element elementor-element-3d15765 elementor-section-boxed elementor-section-height-default elementor-section-height-default\" data-id=\"3d15765\" data-element_type=\"section\">\n\t\t\t\t\t\t<div class=\"elementor-container elementor-column-gap-default\">\n\t\t\t\t\t<div class=\"elementor-column elementor-col-33 elementor-inner-column elementor-element elementor-element-42207a5\" data-id=\"42207a5\" data-element_type=\"column\">\n\t\t\t<div class=\"elementor-widget-wrap elementor-element-populated\">\n\t\t\t\t\t\t<div class=\"elementor-element elementor-element-d2aab35 elementor-widget elementor-widget-image\" data-id=\"d2aab35\" data-element_type=\"widget\" data-widget_type=\"image.default\">\n\t\t\t\t<div class=\"elementor-widget-container\">\n\t\t\t\t\t\t\t\t\t\t\t\t\t\t\t\t<a href=\"https:\/\/zlatica-maksimovic.com\/wp-content\/uploads\/2021\/07\/slanjee.jpg\" data-elementor-open-lightbox=\"yes\" data-elementor-lightbox-title=\"Prostori idu\" data-e-action-hash=\"#elementor-action%3Aaction%3Dlightbox%26settings%3DeyJpZCI6MjAyLCJ1cmwiOiJodHRwczpcL1wvemxhdGljYS1tYWtzaW1vdmljLmNvbVwvd3AtY29udGVudFwvdXBsb2Fkc1wvMjAyMVwvMDdcL3NsYW5qZWUuanBnIn0%3D\">\n\t\t\t\t\t\t\t<img decoding=\"async\" width=\"567\" height=\"446\" src=\"https:\/\/zlatica-maksimovic.com\/wp-content\/uploads\/2021\/07\/slanjee.jpg\" class=\"attachment-large size-large wp-image-202\" alt=\"Prostori idu\" srcset=\"https:\/\/zlatica-maksimovic.com\/wp-content\/uploads\/2021\/07\/slanjee.jpg 567w, https:\/\/zlatica-maksimovic.com\/wp-content\/uploads\/2021\/07\/slanjee-300x236.jpg 300w\" sizes=\"(max-width: 567px) 100vw, 567px\" \/>\t\t\t\t\t\t\t\t<\/a>\n\t\t\t\t\t\t\t\t\t\t\t\t\t\t\t<\/div>\n\t\t\t\t<\/div>\n\t\t\t\t\t<\/div>\n\t\t<\/div>\n\t\t\t\t<div class=\"elementor-column elementor-col-33 elementor-inner-column elementor-element elementor-element-ca068a2\" data-id=\"ca068a2\" data-element_type=\"column\">\n\t\t\t<div class=\"elementor-widget-wrap elementor-element-populated\">\n\t\t\t\t\t\t<div class=\"elementor-element elementor-element-3f75470 elementor-widget elementor-widget-image\" data-id=\"3f75470\" data-element_type=\"widget\" data-widget_type=\"image.default\">\n\t\t\t\t<div class=\"elementor-widget-container\">\n\t\t\t\t\t\t\t\t\t\t\t\t\t\t\t\t<a href=\"https:\/\/zlatica-maksimovic.com\/wp-content\/uploads\/2021\/07\/K-Zivota-140x350-cmakril-na-platnu-scaled.jpg\" data-elementor-open-lightbox=\"yes\" data-elementor-lightbox-title=\"Prostori idu\" data-e-action-hash=\"#elementor-action%3Aaction%3Dlightbox%26settings%3DeyJpZCI6MjAxLCJ1cmwiOiJodHRwczpcL1wvemxhdGljYS1tYWtzaW1vdmljLmNvbVwvd3AtY29udGVudFwvdXBsb2Fkc1wvMjAyMVwvMDdcL0stWml2b3RhLTE0MHgzNTAtY21ha3JpbC1uYS1wbGF0bnUtc2NhbGVkLmpwZyJ9\">\n\t\t\t\t\t\t\t<img loading=\"lazy\" decoding=\"async\" width=\"2560\" height=\"1129\" src=\"https:\/\/zlatica-maksimovic.com\/wp-content\/uploads\/2021\/07\/K-Zivota-140x350-cmakril-na-platnu-scaled.jpg\" class=\"attachment-full size-full wp-image-201\" alt=\"Prostori idu\" srcset=\"https:\/\/zlatica-maksimovic.com\/wp-content\/uploads\/2021\/07\/K-Zivota-140x350-cmakril-na-platnu-scaled.jpg 2560w, https:\/\/zlatica-maksimovic.com\/wp-content\/uploads\/2021\/07\/K-Zivota-140x350-cmakril-na-platnu-300x132.jpg 300w, https:\/\/zlatica-maksimovic.com\/wp-content\/uploads\/2021\/07\/K-Zivota-140x350-cmakril-na-platnu-1024x451.jpg 1024w, https:\/\/zlatica-maksimovic.com\/wp-content\/uploads\/2021\/07\/K-Zivota-140x350-cmakril-na-platnu-768x339.jpg 768w, https:\/\/zlatica-maksimovic.com\/wp-content\/uploads\/2021\/07\/K-Zivota-140x350-cmakril-na-platnu-1536x677.jpg 1536w, https:\/\/zlatica-maksimovic.com\/wp-content\/uploads\/2021\/07\/K-Zivota-140x350-cmakril-na-platnu-2048x903.jpg 2048w\" sizes=\"(max-width: 2560px) 100vw, 2560px\" \/>\t\t\t\t\t\t\t\t<\/a>\n\t\t\t\t\t\t\t\t\t\t\t\t\t\t\t<\/div>\n\t\t\t\t<\/div>\n\t\t\t\t\t<\/div>\n\t\t<\/div>\n\t\t\t\t<div class=\"elementor-column elementor-col-33 elementor-inner-column elementor-element elementor-element-10eae95\" data-id=\"10eae95\" data-element_type=\"column\">\n\t\t\t<div class=\"elementor-widget-wrap elementor-element-populated\">\n\t\t\t\t\t\t<div class=\"elementor-element elementor-element-5404df7 elementor-widget elementor-widget-image\" data-id=\"5404df7\" data-element_type=\"widget\" data-widget_type=\"image.default\">\n\t\t\t\t<div class=\"elementor-widget-container\">\n\t\t\t\t\t\t\t\t\t\t\t\t\t\t\t\t<a href=\"https:\/\/zlatica-maksimovic.com\/wp-content\/uploads\/2021\/07\/20190202_182153-scaled.jpg\" data-elementor-open-lightbox=\"yes\" data-elementor-lightbox-title=\"Prostori idu\" data-e-action-hash=\"#elementor-action%3Aaction%3Dlightbox%26settings%3DeyJpZCI6MjAwLCJ1cmwiOiJodHRwczpcL1wvemxhdGljYS1tYWtzaW1vdmljLmNvbVwvd3AtY29udGVudFwvdXBsb2Fkc1wvMjAyMVwvMDdcLzIwMTkwMjAyXzE4MjE1My1zY2FsZWQuanBnIn0%3D\">\n\t\t\t\t\t\t\t<img loading=\"lazy\" decoding=\"async\" width=\"2560\" height=\"1944\" src=\"https:\/\/zlatica-maksimovic.com\/wp-content\/uploads\/2021\/07\/20190202_182153-scaled.jpg\" class=\"attachment-full size-full wp-image-200\" alt=\"Prostori idu\" srcset=\"https:\/\/zlatica-maksimovic.com\/wp-content\/uploads\/2021\/07\/20190202_182153-scaled.jpg 2560w, https:\/\/zlatica-maksimovic.com\/wp-content\/uploads\/2021\/07\/20190202_182153-300x228.jpg 300w, https:\/\/zlatica-maksimovic.com\/wp-content\/uploads\/2021\/07\/20190202_182153-1024x778.jpg 1024w, https:\/\/zlatica-maksimovic.com\/wp-content\/uploads\/2021\/07\/20190202_182153-768x583.jpg 768w, https:\/\/zlatica-maksimovic.com\/wp-content\/uploads\/2021\/07\/20190202_182153-1536x1166.jpg 1536w, https:\/\/zlatica-maksimovic.com\/wp-content\/uploads\/2021\/07\/20190202_182153-2048x1555.jpg 2048w\" sizes=\"(max-width: 2560px) 100vw, 2560px\" \/>\t\t\t\t\t\t\t\t<\/a>\n\t\t\t\t\t\t\t\t\t\t\t\t\t\t\t<\/div>\n\t\t\t\t<\/div>\n\t\t\t\t\t<\/div>\n\t\t<\/div>\n\t\t\t\t\t<\/div>\n\t\t<\/section>\n\t\t\t\t<section class=\"elementor-section elementor-inner-section elementor-element elementor-element-e13b0bf elementor-section-boxed elementor-section-height-default elementor-section-height-default\" data-id=\"e13b0bf\" data-element_type=\"section\">\n\t\t\t\t\t\t<div class=\"elementor-container elementor-column-gap-default\">\n\t\t\t\t\t<div class=\"elementor-column elementor-col-50 elementor-inner-column elementor-element elementor-element-eb51ccd\" data-id=\"eb51ccd\" data-element_type=\"column\">\n\t\t\t<div class=\"elementor-widget-wrap elementor-element-populated\">\n\t\t\t\t\t\t<div class=\"elementor-element elementor-element-0583dbf elementor-widget elementor-widget-image\" data-id=\"0583dbf\" data-element_type=\"widget\" data-widget_type=\"image.default\">\n\t\t\t\t<div class=\"elementor-widget-container\">\n\t\t\t\t\t\t\t\t\t\t\t\t\t\t\t\t<a href=\"https:\/\/zlatica-maksimovic.com\/wp-content\/uploads\/2021\/07\/74.jpg\" data-elementor-open-lightbox=\"yes\" data-elementor-lightbox-title=\"Prostori idu\" data-e-action-hash=\"#elementor-action%3Aaction%3Dlightbox%26settings%3DeyJpZCI6MTk4LCJ1cmwiOiJodHRwczpcL1wvemxhdGljYS1tYWtzaW1vdmljLmNvbVwvd3AtY29udGVudFwvdXBsb2Fkc1wvMjAyMVwvMDdcLzc0LmpwZyJ9\">\n\t\t\t\t\t\t\t<img loading=\"lazy\" decoding=\"async\" width=\"1024\" height=\"758\" src=\"https:\/\/zlatica-maksimovic.com\/wp-content\/uploads\/2021\/07\/74-1024x758.jpg\" class=\"attachment-large size-large wp-image-198\" alt=\"Prostori idu\" srcset=\"https:\/\/zlatica-maksimovic.com\/wp-content\/uploads\/2021\/07\/74-1024x758.jpg 1024w, https:\/\/zlatica-maksimovic.com\/wp-content\/uploads\/2021\/07\/74-300x222.jpg 300w, https:\/\/zlatica-maksimovic.com\/wp-content\/uploads\/2021\/07\/74-768x569.jpg 768w, https:\/\/zlatica-maksimovic.com\/wp-content\/uploads\/2021\/07\/74-1536x1137.jpg 1536w, https:\/\/zlatica-maksimovic.com\/wp-content\/uploads\/2021\/07\/74-2048x1516.jpg 2048w\" sizes=\"(max-width: 1024px) 100vw, 1024px\" \/>\t\t\t\t\t\t\t\t<\/a>\n\t\t\t\t\t\t\t\t\t\t\t\t\t\t\t<\/div>\n\t\t\t\t<\/div>\n\t\t\t\t\t<\/div>\n\t\t<\/div>\n\t\t\t\t<div class=\"elementor-column elementor-col-50 elementor-inner-column elementor-element elementor-element-c6f1265\" data-id=\"c6f1265\" data-element_type=\"column\">\n\t\t\t<div class=\"elementor-widget-wrap elementor-element-populated\">\n\t\t\t\t\t\t<div class=\"elementor-element elementor-element-fe9e58c elementor-widget elementor-widget-image\" data-id=\"fe9e58c\" data-element_type=\"widget\" data-widget_type=\"image.default\">\n\t\t\t\t<div class=\"elementor-widget-container\">\n\t\t\t\t\t\t\t\t\t\t\t\t\t\t\t\t<a href=\"https:\/\/zlatica-maksimovic.com\/wp-content\/uploads\/2021\/07\/1p2.jpg\" data-elementor-open-lightbox=\"yes\" data-elementor-lightbox-title=\"Prostori idu\" data-e-action-hash=\"#elementor-action%3Aaction%3Dlightbox%26settings%3DeyJpZCI6MTk3LCJ1cmwiOiJodHRwczpcL1wvemxhdGljYS1tYWtzaW1vdmljLmNvbVwvd3AtY29udGVudFwvdXBsb2Fkc1wvMjAyMVwvMDdcLzFwMi5qcGcifQ%3D%3D\">\n\t\t\t\t\t\t\t<img loading=\"lazy\" decoding=\"async\" width=\"885\" height=\"666\" src=\"https:\/\/zlatica-maksimovic.com\/wp-content\/uploads\/2021\/07\/1p2.jpg\" class=\"attachment-full size-full wp-image-197\" alt=\"Prostori idu\" srcset=\"https:\/\/zlatica-maksimovic.com\/wp-content\/uploads\/2021\/07\/1p2.jpg 885w, https:\/\/zlatica-maksimovic.com\/wp-content\/uploads\/2021\/07\/1p2-300x226.jpg 300w, https:\/\/zlatica-maksimovic.com\/wp-content\/uploads\/2021\/07\/1p2-768x578.jpg 768w\" sizes=\"(max-width: 885px) 100vw, 885px\" \/>\t\t\t\t\t\t\t\t<\/a>\n\t\t\t\t\t\t\t\t\t\t\t\t\t\t\t<\/div>\n\t\t\t\t<\/div>\n\t\t\t\t\t<\/div>\n\t\t<\/div>\n\t\t\t\t\t<\/div>\n\t\t<\/section>\n\t\t\t\t\t<\/div>\n\t\t<\/div>\n\t\t\t\t\t<\/div>\n\t\t<\/section>\n\t\t\t\t<section class=\"elementor-section elementor-top-section elementor-element elementor-element-5a0018b1 elementor-section-height-min-height elementor-section-boxed elementor-section-height-default elementor-section-items-middle\" data-id=\"5a0018b1\" data-element_type=\"section\" data-settings=\"{&quot;background_background&quot;:&quot;classic&quot;}\">\n\t\t\t\t\t\t\t<div class=\"elementor-background-overlay\"><\/div>\n\t\t\t\t\t\t\t<div class=\"elementor-container elementor-column-gap-default\">\n\t\t\t\t\t<div class=\"elementor-column elementor-col-100 elementor-top-column elementor-element elementor-element-3e58f112\" data-id=\"3e58f112\" data-element_type=\"column\">\n\t\t\t<div class=\"elementor-widget-wrap elementor-element-populated\">\n\t\t\t\t\t\t<div class=\"elementor-element elementor-element-7d07822b elementor-widget elementor-widget-heading\" data-id=\"7d07822b\" data-element_type=\"widget\" data-widget_type=\"heading.default\">\n\t\t\t\t<div class=\"elementor-widget-container\">\n\t\t\t\t\t<h2 class=\"elementor-heading-title elementor-size-default\">Contact<\/h2>\t\t\t\t<\/div>\n\t\t\t\t<\/div>\n\t\t\t\t<section class=\"elementor-section elementor-inner-section elementor-element elementor-element-1873890e elementor-section-boxed elementor-section-height-default elementor-section-height-default\" data-id=\"1873890e\" data-element_type=\"section\">\n\t\t\t\t\t\t<div class=\"elementor-container elementor-column-gap-default\">\n\t\t\t\t\t<div class=\"elementor-column elementor-col-100 elementor-inner-column elementor-element elementor-element-21e24520\" data-id=\"21e24520\" data-element_type=\"column\">\n\t\t\t<div class=\"elementor-widget-wrap elementor-element-populated\">\n\t\t\t\t\t\t<div class=\"elementor-element elementor-element-60f7e64b elementor-widget elementor-widget-heading\" data-id=\"60f7e64b\" data-element_type=\"widget\" data-widget_type=\"heading.default\">\n\t\t\t\t<div class=\"elementor-widget-container\">\n\t\t\t\t\t<h2 class=\"elementor-heading-title elementor-size-default\">Everything is connected to everything<\/h2>\t\t\t\t<\/div>\n\t\t\t\t<\/div>\n\t\t\t\t<div class=\"elementor-element elementor-element-5e65117a elementor-shape-circle elementor-grid-0 e-grid-align-center elementor-widget elementor-widget-social-icons\" data-id=\"5e65117a\" data-element_type=\"widget\" data-widget_type=\"social-icons.default\">\n\t\t\t\t<div class=\"elementor-widget-container\">\n\t\t\t\t\t\t\t<div class=\"elementor-social-icons-wrapper elementor-grid\" role=\"list\">\n\t\t\t\t\t\t\t<span class=\"elementor-grid-item\" role=\"listitem\">\n\t\t\t\t\t<a class=\"elementor-icon elementor-social-icon elementor-social-icon-facebook-f elementor-animation-bounce-in elementor-repeater-item-fa3deac\" href=\"https:\/\/www.facebook.com\/ZlaticaMaksimovicArtist\/\" target=\"_blank\">\n\t\t\t\t\t\t<span class=\"elementor-screen-only\">Facebook-f<\/span>\n\t\t\t\t\t\t<i aria-hidden=\"true\" class=\"fab fa-facebook-f\"><\/i>\t\t\t\t\t<\/a>\n\t\t\t\t<\/span>\n\t\t\t\t\t\t\t<span class=\"elementor-grid-item\" role=\"listitem\">\n\t\t\t\t\t<a class=\"elementor-icon elementor-social-icon elementor-social-icon-instagram elementor-animation-bounce-in elementor-repeater-item-c8ab8e6\" href=\"https:\/\/www.instagram.com\/hana__arte\/\" target=\"_blank\">\n\t\t\t\t\t\t<span class=\"elementor-screen-only\">Instagram<\/span>\n\t\t\t\t\t\t<i aria-hidden=\"true\" class=\"fab fa-instagram\"><\/i>\t\t\t\t\t<\/a>\n\t\t\t\t<\/span>\n\t\t\t\t\t\t\t<span class=\"elementor-grid-item\" role=\"listitem\">\n\t\t\t\t\t<a class=\"elementor-icon elementor-social-icon elementor-social-icon-mail-bulk elementor-animation-bounce-in elementor-repeater-item-b3d9a3a\" href=\"https:\/\/zlatica-maksimovic.com\/en\/kontakt\/\" target=\"_blank\">\n\t\t\t\t\t\t<span class=\"elementor-screen-only\">Mail-bulk<\/span>\n\t\t\t\t\t\t<i aria-hidden=\"true\" class=\"fas fa-mail-bulk\"><\/i>\t\t\t\t\t<\/a>\n\t\t\t\t<\/span>\n\t\t\t\t\t<\/div>\n\t\t\t\t\t\t<\/div>\n\t\t\t\t<\/div>\n\t\t\t\t\t<\/div>\n\t\t<\/div>\n\t\t\t\t\t<\/div>\n\t\t<\/section>\n\t\t\t\t\t<\/div>\n\t\t<\/div>\n\t\t\t\t\t<\/div>\n\t\t<\/section>\n\t\t\t\t<\/div>","protected":false},"excerpt":{"rendered":"<p>prostori idu Ona kaze- Radujem se jer postojim. Njena radost je stvaranje, jer stvaranju je otvorila svoje srce. Stvarala\u010dka energija Kosmosa \u017eivi kroz nju i ona je blagosloveno bi\u0107e. Kontakt Sve je u vezi sa svim Facebook-f Instagram Mail-bulk<\/p>","protected":false},"author":2,"featured_media":0,"parent":0,"menu_order":0,"comment_status":"closed","ping_status":"closed","template":"","meta":{"ocean_post_layout":"full-screen","ocean_both_sidebars_style":"","ocean_both_sidebars_content_width":0,"ocean_both_sidebars_sidebars_width":0,"ocean_sidebar":"0","ocean_second_sidebar":"0","ocean_disable_margins":"enable","ocean_add_body_class":"","ocean_shortcode_before_top_bar":"","ocean_shortcode_after_top_bar":"","ocean_shortcode_before_header":"","ocean_shortcode_after_header":"","ocean_has_shortcode":"","ocean_shortcode_after_title":"","ocean_shortcode_before_footer_widgets":"","ocean_shortcode_after_footer_widgets":"","ocean_shortcode_before_footer_bottom":"","ocean_shortcode_after_footer_bottom":"","ocean_display_top_bar":"off","ocean_display_header":"default","ocean_header_style":"","ocean_center_header_left_menu":"0","ocean_custom_header_template":"0","ocean_custom_logo":0,"ocean_custom_retina_logo":0,"ocean_custom_logo_max_width":0,"ocean_custom_logo_tablet_max_width":0,"ocean_custom_logo_mobile_max_width":0,"ocean_custom_logo_max_height":0,"ocean_custom_logo_tablet_max_height":0,"ocean_custom_logo_mobile_max_height":0,"ocean_header_custom_menu":"0","ocean_menu_typo_font_family":"0","ocean_menu_typo_font_subset":"","ocean_menu_typo_font_size":0,"ocean_menu_typo_font_size_tablet":0,"ocean_menu_typo_font_size_mobile":0,"ocean_menu_typo_font_size_unit":"px","ocean_menu_typo_font_weight":"","ocean_menu_typo_font_weight_tablet":"","ocean_menu_typo_font_weight_mobile":"","ocean_menu_typo_transform":"","ocean_menu_typo_transform_tablet":"","ocean_menu_typo_transform_mobile":"","ocean_menu_typo_line_height":0,"ocean_menu_typo_line_height_tablet":0,"ocean_menu_typo_line_height_mobile":0,"ocean_menu_typo_line_height_unit":"","ocean_menu_typo_spacing":0,"ocean_menu_typo_spacing_tablet":0,"ocean_menu_typo_spacing_mobile":0,"ocean_menu_typo_spacing_unit":"","ocean_menu_link_color":"","ocean_menu_link_color_hover":"","ocean_menu_link_color_active":"","ocean_menu_link_background":"","ocean_menu_link_hover_background":"","ocean_menu_link_active_background":"","ocean_menu_social_links_bg":"","ocean_menu_social_hover_links_bg":"","ocean_menu_social_links_color":"","ocean_menu_social_hover_links_color":"","ocean_disable_title":"on","ocean_disable_heading":"default","ocean_post_title":"","ocean_post_subheading":"","ocean_post_title_style":"","ocean_post_title_background_color":"","ocean_post_title_background":0,"ocean_post_title_bg_image_position":"","ocean_post_title_bg_image_attachment":"","ocean_post_title_bg_image_repeat":"","ocean_post_title_bg_image_size":"","ocean_post_title_height":0,"ocean_post_title_bg_overlay":0.5,"ocean_post_title_bg_overlay_color":"","ocean_disable_breadcrumbs":"default","ocean_breadcrumbs_color":"","ocean_breadcrumbs_separator_color":"","ocean_breadcrumbs_links_color":"","ocean_breadcrumbs_links_hover_color":"","ocean_display_footer_widgets":"default","ocean_display_footer_bottom":"default","ocean_custom_footer_template":"0","footnotes":""},"class_list":["post-771","page","type-page","status-publish","hentry","entry"],"_links":{"self":[{"href":"https:\/\/zlatica-maksimovic.com\/en\/wp-json\/wp\/v2\/pages\/771","targetHints":{"allow":["GET"]}}],"collection":[{"href":"https:\/\/zlatica-maksimovic.com\/en\/wp-json\/wp\/v2\/pages"}],"about":[{"href":"https:\/\/zlatica-maksimovic.com\/en\/wp-json\/wp\/v2\/types\/page"}],"author":[{"embeddable":true,"href":"https:\/\/zlatica-maksimovic.com\/en\/wp-json\/wp\/v2\/users\/2"}],"replies":[{"embeddable":true,"href":"https:\/\/zlatica-maksimovic.com\/en\/wp-json\/wp\/v2\/comments?post=771"}],"version-history":[{"count":10,"href":"https:\/\/zlatica-maksimovic.com\/en\/wp-json\/wp\/v2\/pages\/771\/revisions"}],"predecessor-version":[{"id":908,"href":"https:\/\/zlatica-maksimovic.com\/en\/wp-json\/wp\/v2\/pages\/771\/revisions\/908"}],"wp:attachment":[{"href":"https:\/\/zlatica-maksimovic.com\/en\/wp-json\/wp\/v2\/media?parent=771"}],"curies":[{"name":"wp","href":"https:\/\/api.w.org\/{rel}","templated":true}]}}